{"id":46,"date":"2014-03-21T18:11:51","date_gmt":"2014-03-21T17:11:51","guid":{"rendered":"http:\/\/www.voicemedia.tv\/cms\/?page_id=46"},"modified":"2022-08-10T15:45:20","modified_gmt":"2022-08-10T13:45:20","slug":"about","status":"publish","type":"page","link":"https:\/\/voicemedia.tv\/fr\/about\/","title":{"rendered":"about"},"content":{"rendered":"<h2>\u00c0 PROPOS DE MOI<\/h2>\n\n\n\n<div class=\"wp-container-27 wp-block-columns\">\n<div class=\"wp-container-25 wp-block-column is-vertically-aligned-center\" style=\"flex-basis:44%\">\n<figure class=\"wp-block-image size-large\"><img loading=\"lazy\" width=\"970\" height=\"545\" src=\"https:\/\/www.voicemedia.tv\/cms\/wp-content\/uploads\/2022\/08\/VoiceMedia_About_Portrait-04.jpg\" alt=\"\" class=\"wp-image-541\" srcset=\"https:\/\/voicemedia.tv\/cms\/wp-content\/uploads\/2022\/08\/VoiceMedia_About_Portrait-04.jpg 970w, https:\/\/voicemedia.tv\/cms\/wp-content\/uploads\/2022\/08\/VoiceMedia_About_Portrait-04-435x244.jpg 435w, https:\/\/voicemedia.tv\/cms\/wp-content\/uploads\/2022\/08\/VoiceMedia_About_Portrait-04-222x125.jpg 222w, https:\/\/voicemedia.tv\/cms\/wp-content\/uploads\/2022\/08\/VoiceMedia_About_Portrait-04-768x432.jpg 768w, https:\/\/voicemedia.tv\/cms\/wp-content\/uploads\/2022\/08\/VoiceMedia_About_Portrait-04-624x351.jpg 624w, https:\/\/voicemedia.tv\/cms\/wp-content\/uploads\/2022\/08\/VoiceMedia_About_Portrait-04-545x306.jpg 545w\" sizes=\"(max-width: 970px) 100vw, 970px\" \/><\/figure>\n<\/div>\n\n\n\n<div class=\"wp-container-26 wp-block-column is-vertically-aligned-center\" style=\"flex-basis:56%\">\n<p>De nationalit\u00e9 am\u00e9ricaine, je loue mes services en tant que voix off. Mon timbre riche, imposant et convaincant apporte \u00e0 tous vos enregistrements commerciaux audio force, impact et cr\u00e9dibilit\u00e9.<\/p>\n\n\n\n<p style=\"font-size:16px\"><em><span class=\"has-inline-color has-col-green-color\">Je ne veux pas que les auditeurs se contentent d\u2019entendre ma voix ; je veux qu\u2019ils la ressentent !<\/span><\/em><\/p>\n\n\n\n<p>Le nom VoiceMedia qualifie parfaitement mon travail. J\u2019aide mes clients \u00e0 conf\u00e9rer un maximum d\u2019impact \u00e0 leurs communications audiovisuelles, qu\u2019il s\u2019agisse de bandes-annonces de films et de promotions \u00e0 l\u2019antenne, de films institutionnels, de documentaires ou encore de programmes sportifs. J\u2019enregistre \u00e9galement des podcasts, des programmes d\u2019apprentissage en ligne et des livres audio, et je travaille souvent en tant qu\u2019annonceur dans le cadre d\u2019\u00e9v\u00e9nements en direct.<\/p>\n<\/div>\n<\/div>\n\n\n\n<div style=\"height:20px\" aria-hidden=\"true\" class=\"wp-block-spacer\"><\/div>\n\n\n\n<div class=\"wp-container-30 wp-block-columns\">\n<div class=\"wp-container-28 wp-block-column is-vertically-aligned-center\" style=\"flex-basis:56%\">\n<p>Vous pouvez visionner et \u00e9couter mes diff\u00e9rents \u00e9chantillons via les liens&nbsp;<a href=\"http:\/\/voicemedia.tv\/videos\/all-videos\">vid\u00e9o<\/a>,&nbsp;<a href=\"http:\/\/voicemedia.tv\/audios\/audio-download\">audio<\/a>&nbsp;o&nbsp;<a href=\"http:\/\/voicemedia.tv\/audios\/event-audio\">event audio<\/a>. N\u2019h\u00e9sitez pas \u00e9galement \u00e0 t\u00e9l\u00e9charger mes d\u00e9mos actuelles ici.<\/p>\n\n\n\n<p>Je fournis des enregistrements de voix off professionnels et de grande qualit\u00e9 par ipDTL \/ ISDN ou transfert de fichiers. Livraison sous 24 heures possible ! Vous pouvez m\u2019\u00e9couter en temps r\u00e9el par t\u00e9l\u00e9phone, APT-X ou MusicTaxi lorsque j\u2019enregistre vos supports.<\/p>\n\n\n\n<p>Demandez un devis gratuit&nbsp;<a href=\"http:\/\/voicemedia.tv\/contact\">ici.<\/a><\/p>\n<\/div>\n\n\n\n<div class=\"wp-container-29 wp-block-column is-vertically-aligned-center\" style=\"flex-basis:44%\">\n<figure class=\"wp-block-image size-large\"><img loading=\"lazy\" width=\"970\" height=\"545\" src=\"https:\/\/www.voicemedia.tv\/cms\/wp-content\/uploads\/2022\/08\/VoiceMedia_About_Portrait-03.jpg\" alt=\"\" class=\"wp-image-540\" srcset=\"https:\/\/voicemedia.tv\/cms\/wp-content\/uploads\/2022\/08\/VoiceMedia_About_Portrait-03.jpg 970w, https:\/\/voicemedia.tv\/cms\/wp-content\/uploads\/2022\/08\/VoiceMedia_About_Portrait-03-435x244.jpg 435w, https:\/\/voicemedia.tv\/cms\/wp-content\/uploads\/2022\/08\/VoiceMedia_About_Portrait-03-222x125.jpg 222w, https:\/\/voicemedia.tv\/cms\/wp-content\/uploads\/2022\/08\/VoiceMedia_About_Portrait-03-768x432.jpg 768w, https:\/\/voicemedia.tv\/cms\/wp-content\/uploads\/2022\/08\/VoiceMedia_About_Portrait-03-624x351.jpg 624w, https:\/\/voicemedia.tv\/cms\/wp-content\/uploads\/2022\/08\/VoiceMedia_About_Portrait-03-545x306.jpg 545w\" sizes=\"(max-width: 970px) 100vw, 970px\" \/><\/figure>\n<\/div>\n<\/div>\n\n\n\n<div style=\"height:40px\" aria-hidden=\"true\" class=\"wp-block-spacer\"><\/div>\n\n\n\n<h2>MES SERVICES<\/h2>\n\n\n\n<div class=\"wp-container-33 wp-block-columns\">\n<div class=\"wp-container-31 wp-block-column is-vertically-aligned-center\" style=\"flex-basis:44%\">\n<figure class=\"wp-block-image size-large\"><img loading=\"lazy\" width=\"970\" height=\"545\" src=\"https:\/\/www.voicemedia.tv\/cms\/wp-content\/uploads\/2022\/08\/VoiceMedia_About_Portrait-02.jpg\" alt=\"\" class=\"wp-image-539\" srcset=\"https:\/\/voicemedia.tv\/cms\/wp-content\/uploads\/2022\/08\/VoiceMedia_About_Portrait-02.jpg 970w, https:\/\/voicemedia.tv\/cms\/wp-content\/uploads\/2022\/08\/VoiceMedia_About_Portrait-02-435x244.jpg 435w, https:\/\/voicemedia.tv\/cms\/wp-content\/uploads\/2022\/08\/VoiceMedia_About_Portrait-02-222x125.jpg 222w, https:\/\/voicemedia.tv\/cms\/wp-content\/uploads\/2022\/08\/VoiceMedia_About_Portrait-02-768x432.jpg 768w, https:\/\/voicemedia.tv\/cms\/wp-content\/uploads\/2022\/08\/VoiceMedia_About_Portrait-02-624x351.jpg 624w, https:\/\/voicemedia.tv\/cms\/wp-content\/uploads\/2022\/08\/VoiceMedia_About_Portrait-02-545x306.jpg 545w\" sizes=\"(max-width: 970px) 100vw, 970px\" \/><\/figure>\n\n\n\n<p><\/p>\n<\/div>\n\n\n\n<div class=\"wp-container-32 wp-block-column is-vertically-aligned-center\" style=\"flex-basis:56%\">\n<p>J\u2019offre \u00e9galement des services de r\u00e9daction, de traduction et de localisation:<\/p>\n\n\n\n<p><span class=\"has-inline-color has-col-green-color\">ADAPTATIONS EN LANGUE ANGLAISE<br><\/span>Versions anglaises de programmes tv, bandes-annonces, promotions \u00e0 l\u2019antenne, documentaires et films institutionnels, podcasts, programmes d\u2019apprentissage en ligne et applications de langue \u00e9trang\u00e8re.<\/p>\n\n\n\n<p><span class=\"has-inline-color has-col-green-color\">R\u00c9DACTION POUR M\u00c9DIAS AUDIOVISUELS<br><\/span>Vous pouvez me fournir un texte \u00e0 traduire, localiser ou r\u00e9viser. En option, il est \u00e9galement possible de livrer un support de film r\u00e9vis\u00e9, accompagn\u00e9 d\u2019une liste de tournage. Dans ce cas, je cr\u00e9e un texte sur la base d\u2019un cahier des charges d\u00e9taill\u00e9 et je l\u2019enregistre apr\u00e8s validation de votre c\u00f4t\u00e9.<\/p>\n<\/div>\n<\/div>\n\n\n\n<div style=\"height:20px\" aria-hidden=\"true\" class=\"wp-block-spacer\"><\/div>\n\n\n\n<div class=\"wp-container-36 wp-block-columns\">\n<div class=\"wp-container-34 wp-block-column is-vertically-aligned-center\" style=\"flex-basis:56%\">\n<p><span class=\"has-inline-color has-col-green-color\">R\u00c9-ENREGISTREMENT<br><\/span>Augmentez l\u2019impact et l\u2019attrait de films existants gr\u00e2ce \u00e0 un texte dynamique et une nouvelle voix. Vos clients entendront la diff\u00e9rence !<\/p>\n\n\n\n<p><span class=\"has-inline-color has-col-green-color\">SCRIPTS ET SUPERVISION DE DOUBLAGES \/ SOUS-TITRAGES <br><\/span>Adaptation de repr\u00e9sentations par rapport \u00e0 des sc\u00e8nes avec synchronisation labiale en anglais ou des sous-titres en anglais.<\/p>\n\n\n\n<div style=\"height:20px\" aria-hidden=\"true\" class=\"wp-block-spacer\"><\/div>\n\n\n\n<p>Faites-moi confiance et offrez \u00e0 votre entreprise, votre produit ou votre \u00e9v\u00e9nement une voix inoubliable. N\u2019h\u00e9sitez pas \u00e0 me demander un\u00a0<a href=\"http:\/\/voicemedia.tv\/contact\">devis<\/a>.\u00a0Je serai ravi de vous conseiller !<\/p>\n<\/div>\n\n\n\n<div class=\"wp-container-35 wp-block-column is-vertically-aligned-center\" style=\"flex-basis:44%\">\n<figure class=\"wp-block-image size-large\"><img loading=\"lazy\" width=\"970\" height=\"545\" src=\"https:\/\/www.voicemedia.tv\/cms\/wp-content\/uploads\/2022\/08\/VoiceMedia_About_Portrait-01.jpg\" alt=\"\" class=\"wp-image-538\" srcset=\"https:\/\/voicemedia.tv\/cms\/wp-content\/uploads\/2022\/08\/VoiceMedia_About_Portrait-01.jpg 970w, https:\/\/voicemedia.tv\/cms\/wp-content\/uploads\/2022\/08\/VoiceMedia_About_Portrait-01-435x244.jpg 435w, https:\/\/voicemedia.tv\/cms\/wp-content\/uploads\/2022\/08\/VoiceMedia_About_Portrait-01-222x125.jpg 222w, https:\/\/voicemedia.tv\/cms\/wp-content\/uploads\/2022\/08\/VoiceMedia_About_Portrait-01-768x432.jpg 768w, https:\/\/voicemedia.tv\/cms\/wp-content\/uploads\/2022\/08\/VoiceMedia_About_Portrait-01-624x351.jpg 624w, https:\/\/voicemedia.tv\/cms\/wp-content\/uploads\/2022\/08\/VoiceMedia_About_Portrait-01-545x306.jpg 545w\" sizes=\"(max-width: 970px) 100vw, 970px\" \/><\/figure>\n\n\n\n<p><\/p>\n<\/div>\n<\/div>\n\n\n\n<p><\/p>","protected":false},"excerpt":{"rendered":"<p>\u00c0 PROPOS DE MOI De nationalit\u00e9 am\u00e9ricaine, je loue mes services en tant que voix off. Mon timbre riche, imposant et convaincant apporte \u00e0 tous vos enregistrements commerciaux audio force, impact et cr\u00e9dibilit\u00e9. Je ne veux pas que les auditeurs se contentent d\u2019entendre ma voix ; je veux qu\u2019ils la ressentent ! Le nom VoiceMedia [&hellip;]<\/p>\n","protected":false},"author":2,"featured_media":0,"parent":0,"menu_order":0,"comment_status":"closed","ping_status":"closed","template":"page_fullwidth.php","meta":[],"_links":{"self":[{"href":"https:\/\/voicemedia.tv\/fr\/wp-json\/wp\/v2\/pages\/46"}],"collection":[{"href":"https:\/\/voicemedia.tv\/fr\/wp-json\/wp\/v2\/pages"}],"about":[{"href":"https:\/\/voicemedia.tv\/fr\/wp-json\/wp\/v2\/types\/page"}],"author":[{"embeddable":true,"href":"https:\/\/voicemedia.tv\/fr\/wp-json\/wp\/v2\/users\/2"}],"replies":[{"embeddable":true,"href":"https:\/\/voicemedia.tv\/fr\/wp-json\/wp\/v2\/comments?post=46"}],"version-history":[{"count":90,"href":"https:\/\/voicemedia.tv\/fr\/wp-json\/wp\/v2\/pages\/46\/revisions"}],"predecessor-version":[{"id":709,"href":"https:\/\/voicemedia.tv\/fr\/wp-json\/wp\/v2\/pages\/46\/revisions\/709"}],"wp:attachment":[{"href":"https:\/\/voicemedia.tv\/fr\/wp-json\/wp\/v2\/media?parent=46"}],"curies":[{"name":"wp","href":"https:\/\/api.w.org\/{rel}","templated":true}]}}