{"id":14,"date":"2014-03-21T17:52:05","date_gmt":"2014-03-21T15:52:05","guid":{"rendered":"http:\/\/www.voicemedia.tv\/cms\/?page_id=14"},"modified":"2024-06-26T13:32:37","modified_gmt":"2024-06-26T11:32:37","slug":"contact","status":"publish","type":"page","link":"https:\/\/voicemedia.tv\/fr\/contact\/","title":{"rendered":"Contact"},"content":{"rendered":"<h2>DEMANDEZ UN DEVIS!<\/h2>\n\n\n\n<p>Vous avez besoin d\u2019un enregistrement vocal&nbsp;? Demandez un devis gratuit, commandez votre enregistrement et faites-vous livrer en ligne. C\u2019est simple et rapide.<\/p>\n\n\n\n<p>Livraison sous 24 heures possible dans tous les formats de fichiers audio.<\/p>\n\n\n\n<p>Vous recevez des enregistrements r\u00e9vis\u00e9s haut de gamme qui r\u00e9pondent toujours \u00e0 vos attentes. Vous pouvez piloter les s\u00e9ances en temps r\u00e9el par t\u00e9l\u00e9phone, APT-X ou MusicTaxi et valider les enregistrements avant livraison.<\/p>\n\n\n\n<p><span style=\"color: #ccff00;\">Pour obtenir un devis gratuit, remplissez simplement le formulaire suivant&nbsp;!<\/span><\/p>\n\n\n\n<div class=\"wp-container-9 wp-block-columns\">\n<div class=\"wp-container-7 wp-block-column\"><div role=\"form\" class=\"wpcf7\" id=\"wpcf7-f16-o3\" lang=\"de-DE\" dir=\"ltr\">\n<div class=\"screen-reader-response\"><p role=\"status\" aria-live=\"polite\" aria-atomic=\"true\"><\/p> <ul><\/ul><\/div>\n<form action=\"\/fr\/wp-json\/wp\/v2\/pages\/14#wpcf7-f16-o3\" method=\"post\" class=\"wpcf7-form init\" enctype=\"multipart\/form-data\" novalidate=\"novalidate\" data-status=\"init\">\n<div style=\"display: none;\">\n<input type=\"hidden\" name=\"_wpcf7\" value=\"16\" \/>\n<input type=\"hidden\" name=\"_wpcf7_version\" value=\"5.6.3\" \/>\n<input type=\"hidden\" name=\"_wpcf7_locale\" value=\"de_DE\" \/>\n<input type=\"hidden\" name=\"_wpcf7_unit_tag\" value=\"wpcf7-f16-o3\" \/>\n<input type=\"hidden\" name=\"_wpcf7_container_post\" value=\"0\" \/>\n<input type=\"hidden\" name=\"_wpcf7_posted_data_hash\" value=\"\" \/>\n<\/div>\n<p><span class=\"wpcf7-form-control-wrap\" data-name=\"company\"><input type=\"text\" name=\"company\" value=\"\" size=\"40\" class=\"wpcf7-form-control wpcf7-text\" aria-invalid=\"false\" placeholder=\"Compagnie\" \/><\/span><br \/>\n<span class=\"wpcf7-form-control-wrap\" data-name=\"contactname\"><input type=\"text\" name=\"contactname\" value=\"\" size=\"40\" class=\"wpcf7-form-control wpcf7-text wpcf7-validates-as-required\" aria-required=\"true\" aria-invalid=\"false\" placeholder=\"Nom\" \/><\/span><br \/>\n<span class=\"wpcf7-form-control-wrap\" data-name=\"country\"><input type=\"text\" name=\"country\" value=\"\" size=\"40\" class=\"wpcf7-form-control wpcf7-text\" aria-invalid=\"false\" placeholder=\"Nation\" \/><\/span><br \/>\n<span class=\"wpcf7-form-control-wrap\" data-name=\"email\"><input type=\"email\" name=\"email\" value=\"\" size=\"40\" class=\"wpcf7-form-control wpcf7-text wpcf7-email wpcf7-validates-as-required wpcf7-validates-as-email\" aria-required=\"true\" aria-invalid=\"false\" placeholder=\"Email\" \/><\/span><br \/>\n<span class=\"wpcf7-form-control-wrap\" data-name=\"phone\"><input type=\"text\" name=\"phone\" value=\"\" size=\"40\" class=\"wpcf7-form-control wpcf7-text\" aria-invalid=\"false\" placeholder=\"T\u00e9l\u00e9phone\" \/><\/span><\/p>\n<p>VEUILLEZ ME CONTACTER PAR<\/p>\n<p><span class=\"wpcf7-form-control-wrap\" data-name=\"choice-1\"><span class=\"wpcf7-form-control wpcf7-radio\"><span class=\"wpcf7-list-item first\"><label><input type=\"radio\" name=\"choice-1\" value=\"Email\" \/><span class=\"wpcf7-list-item-label\">Email<\/span><\/label><\/span><span class=\"wpcf7-list-item last\"><label><input type=\"radio\" name=\"choice-1\" value=\"T\u00e9l\u00e9phone\" \/><span class=\"wpcf7-list-item-label\">T\u00e9l\u00e9phone<\/span><\/label><\/span><\/span><\/span><\/p>\n<p>\nUTILISATION DES M\u00c9DIAS POUR L'ENREGISTREMENT DE VOIX OFF<\/p>\n<p><span class=\"wpcf7-form-control-wrap\" data-name=\"choice-2\"><span class=\"wpcf7-form-control wpcf7-checkbox\"><span class=\"wpcf7-list-item first\"><label><input type=\"checkbox\" name=\"choice-2[]\" value=\"Utilisation interne \u00e0 l&#039;entreprise\" \/><span class=\"wpcf7-list-item-label\">Utilisation interne \u00e0 l&#039;entreprise<\/span><\/label><\/span><span class=\"wpcf7-list-item\"><label><input type=\"checkbox\" name=\"choice-2[]\" value=\"Internet\/Non broadcast\" \/><span class=\"wpcf7-list-item-label\">Internet\/Non broadcast<\/span><\/label><\/span><span class=\"wpcf7-list-item\"><label><input type=\"checkbox\" name=\"choice-2[]\" value=\"TV broadcast\" \/><span class=\"wpcf7-list-item-label\">TV broadcast<\/span><\/label><\/span><span class=\"wpcf7-list-item\"><label><input type=\"checkbox\" name=\"choice-2[]\" value=\"Radio broadcast\" \/><span class=\"wpcf7-list-item-label\">Radio broadcast<\/span><\/label><\/span><span class=\"wpcf7-list-item\"><label><input type=\"checkbox\" name=\"choice-2[]\" value=\"Publicit\u00e9 cin\u00e9matographique\" \/><span class=\"wpcf7-list-item-label\">Publicit\u00e9 cin\u00e9matographique<\/span><\/label><\/span><span class=\"wpcf7-list-item\"><label><input type=\"checkbox\" name=\"choice-2[]\" value=\"\u00c9v\u00e9nement en direct\" \/><span class=\"wpcf7-list-item-label\">\u00c9v\u00e9nement en direct<\/span><\/label><\/span><span class=\"wpcf7-list-item\"><label><input type=\"checkbox\" name=\"choice-2[]\" value=\"Editing requise\" \/><span class=\"wpcf7-list-item-label\">Editing requise<\/span><\/label><\/span><span class=\"wpcf7-list-item last\"><label><input type=\"checkbox\" name=\"choice-2[]\" value=\"Traduction requise\" \/><span class=\"wpcf7-list-item-label\">Traduction requise<\/span><\/label><\/span><\/span><\/span><\/p>\n<p><span class=\"wpcf7-form-control-wrap\" data-name=\"comment\"><textarea name=\"comment\" cols=\"40\" rows=\"10\" class=\"wpcf7-form-control wpcf7-textarea\" aria-invalid=\"false\" placeholder=\"Commentaire\"><\/textarea><\/span><\/p>\n<p><span class=\"wpcf7-form-control-wrap\" data-name=\"file\"><input type=\"file\" name=\"file\" size=\"40\" class=\"wpcf7-form-control wpcf7-file\" accept=\"audio\/*,video\/*,image\/*\" aria-invalid=\"false\" \/><\/span><\/p>\n<p><div class=\"main-cf7-captcha\"><span class=\"wpcf7-form-control-wrap input-captcha-cf7\"><input type=\"text\" name=\"input-captcha-cf7\" value=\"\" size=\"40\" class=\"wpcf7-form-control cf7_text_captcha wpcf7-captchacf7 wpcf7-validates-as-required\" id=\"input-captcha-cf7\" aria-required=\"true\" aria-invalid=\"false\" \/><\/span><\/div><img src=\"https:\/\/voicemedia.tv\/cms\/wp-content\/plugins\/text-captcha-contact-form-7\/include\/image.php\" alt=\"cf7captcha\" id=\"image-captcha-cf7\"><a href=\"javascript:void(0);\" id=\"reload_captcha\"><img src=\"https:\/\/voicemedia.tv\/cms\/wp-content\/plugins\/text-captcha-contact-form-7\/assets\/images\/refresh.png\" alt=\"Regenerate Captcha\"><\/a><\/p>\n<p><input type=\"submit\" value=\"Envoyer\" class=\"wpcf7-form-control has-spinner wpcf7-submit\" \/><\/p>\n<div class=\"wpcf7-response-output\" aria-hidden=\"true\"><\/div><\/form><\/div>\n<\/div>\n\n\n\n<div class=\"wp-container-8 wp-block-column\"><\/div>\n<\/div>\n\n\n\n<h2>CONTACT<\/h2>\n\n\n\n<p>T. International Inquiries <a href=\"tel:+18322961022\">+1 832 296 1022<\/a>   <br>T. Europe <a href=\"tel:+491702182727\">+49 170 218 2727<\/a>   <br>Booking: <a href=\"mailto:info@voicemedia.tv\">info@voicemedia.tv<\/a> <br>\u00a0<\/p>","protected":false},"excerpt":{"rendered":"<p>DEMANDEZ UN DEVIS! Vous avez besoin d\u2019un enregistrement vocal&nbsp;? Demandez un devis gratuit, commandez votre enregistrement et faites-vous livrer en ligne. C\u2019est simple et rapide. Livraison sous 24 heures possible dans tous les formats de fichiers audio. Vous recevez des enregistrements r\u00e9vis\u00e9s haut de gamme qui r\u00e9pondent toujours \u00e0 vos attentes. Vous pouvez piloter les [&hellip;]<\/p>\n","protected":false},"author":2,"featured_media":0,"parent":0,"menu_order":0,"comment_status":"closed","ping_status":"closed","template":"","meta":[],"_links":{"self":[{"href":"https:\/\/voicemedia.tv\/fr\/wp-json\/wp\/v2\/pages\/14"}],"collection":[{"href":"https:\/\/voicemedia.tv\/fr\/wp-json\/wp\/v2\/pages"}],"about":[{"href":"https:\/\/voicemedia.tv\/fr\/wp-json\/wp\/v2\/types\/page"}],"author":[{"embeddable":true,"href":"https:\/\/voicemedia.tv\/fr\/wp-json\/wp\/v2\/users\/2"}],"replies":[{"embeddable":true,"href":"https:\/\/voicemedia.tv\/fr\/wp-json\/wp\/v2\/comments?post=14"}],"version-history":[{"count":52,"href":"https:\/\/voicemedia.tv\/fr\/wp-json\/wp\/v2\/pages\/14\/revisions"}],"predecessor-version":[{"id":951,"href":"https:\/\/voicemedia.tv\/fr\/wp-json\/wp\/v2\/pages\/14\/revisions\/951"}],"wp:attachment":[{"href":"https:\/\/voicemedia.tv\/fr\/wp-json\/wp\/v2\/media?parent=14"}],"curies":[{"name":"wp","href":"https:\/\/api.w.org\/{rel}","templated":true}]}}