{"id":184,"date":"2014-03-31T16:46:40","date_gmt":"2014-03-31T15:46:40","guid":{"rendered":"http:\/\/www.voicemedia.tv\/cms\/?page_id=184"},"modified":"2024-06-26T13:34:35","modified_gmt":"2024-06-26T11:34:35","slug":"imprint","status":"publish","type":"page","link":"https:\/\/voicemedia.tv\/en\/imprint\/","title":{"rendered":"IMPRINT"},"content":{"rendered":"\n<h2>IMPRINT<\/h2>\n\n\n\n<p>T. International Inquiries <a href=\"tel:+18322961022\">+1 832 296 1022<\/a>   <br>T. Europe <a href=\"tel:+491702182727\">+49 170 218 2727<\/a>   <br>Booking: <a href=\"mailto:info@voicemedia.tv\">info@voicemedia.tv<\/a> \u00a0<\/p>\n\n\n\n<p>Konzeption &amp; Gestaltung<br><a href=\"http:\/\/www.lichtung.com\/\">www.lichtung.com<\/a><\/p>\n\n\n\n<p>Technische Umsetzung<br><a href=\"http:\/\/www.salevent.de\/\">www.salevent.de <\/a><\/p>\n\n\n\n<p>Haftungshinweis<br>Trotz sorgf\u00e4ltiger inhaltlicher Kontrolle \u00fcbernehmen wir keine Haftung f\u00fcr die Inhalte externer Links. F\u00fcr den Inhalt der verlinkten Seiten sind ausschliesslich deren Betreiber verantwortlich.<\/p>\n\n\n\n<p>Copyright Alle Texte, Bilder, Grafiken, Ton-, Video- und Animationsdateien von Voicemedia.TV sowie ihre Arrangements unterliegen dem Urheberrecht und anderen Gesetzen zum Schutz geistigen Eigentums. Sie d\u00fcrfen nicht f\u00fcr Handelszwecke oder zur Weitergabe kopiert oder ver\u00e4ndert werden. Eine Nutzung kann und darf nur durch eine Zustimmung von Voicemedia.TV erfolgen.<\/p>\n\n\n\n<p>Datenschutzerkl\u00e4rung<br>\u00a7 1 Allgemeines<br>Ihre personenbezogenen Daten (z.B. Anrede, Name, Anschrift, E-Mail-Adresse, Telefonnummer) werden von uns nur gem\u00e4\u00df den Bestimmungen des deutschen Datenschutzrechts verarbeitet. Die nachfolgenden Vorschriften informieren Sie \u00fcber Art, Umfang und Zweck der Erhebung, Verarbeitung und Nutzung personenbezogener Daten. Diese Datenschutzerkl\u00e4rung bezieht sich nur auf unsere Webseiten. Falls Sie \u00fcber Links auf unseren Seiten auf andere Seiten weitergeleitet werden, informieren Sie sich bitte dort \u00fcber den jeweiligen Umgang mit Ihren Daten.<br>\u00a7 2 Automatische Datenerfassung Aus technischen Gr\u00fcnden werden u.a. folgende Daten, die Ihr Internet-Browser an uns \u00fcbermittelt, erfasst:<br>&#8211; Browsertyp und -version<br>&#8211; verwendetes Betriebssystem<br>&#8211; Webseite, von der aus Sie uns besuchen (Referrer URL)<br>&#8211; Webseite, die Sie besuchen<br>&#8211; Datum und Uhrzeit Ihres Zugriffs<br>&#8211; Ihre Internet Protokoll (IP)-Adresse.<br>Diese anonymen Daten werden getrennt von Ihren eventuell angegebenen personenbezogenen Daten gespeichert und lassen so keine R\u00fcckschl\u00fcsse auf eine bestimmte Person zu. Sie werden zu statistischen Zwecken ausgewertet, um unseren Internetauftritt und unsere Angebote optimieren zu k\u00f6nnen. Nach der Auswertung werden diese Daten gel\u00f6scht.<br>\u00a7 3 Bestandsdaten<br>(1) Ihre personenbezogenen Daten, soweit diese f\u00fcr die Begr\u00fcndung, inhaltliche Ausgestaltung oder \u00c4nderung des Vertragsverh\u00e4ltnisses erforderlich sind (Bestandsdaten), werden ausschlie\u00dflich zur Vertragsabwicklung verwendet. Ohne Ihre ausdr\u00fcckliche Einwilligung oder ohne gesetzliche Grundlage werden Ihre personenbezogenen Daten nicht an au\u00dferhalb der Vertragsabwicklung stehende Dritte weitergegeben.<br>(2) Auf Anordnung der zust\u00e4ndigen Stellen d\u00fcrfen wir im Einzelfall Auskunft \u00fcber Bestandsdaten erteilen, soweit dies f\u00fcr Zwecke der Strafverfolgung, zur Gefahrenabwehr durch die Polizeibeh\u00f6rden der L\u00e4nder, zur Erf\u00fcllung der gesetzlichen Aufgaben der Verfassungsschutzbeh\u00f6rden des Bundes und der L\u00e4nder, des Bundesnachrichtendienstes oder des Milit\u00e4rischen Abschirmdienstes oder zur Durchsetzung der Rechte am geistigen Eigentum erforderlich ist.<br>\u00a7 4 Nutzungsdaten<br>(1) Ihre personenbezogenen Daten, welche erforderlich sind, um die Inanspruchnahme unserer Angebote zu erm\u00f6glichen und abzurechnen (Nutzungsdaten), werden zur Vertragsabwicklung verwendet. Unter Nutzungsdaten fallen insbesondere die Merkmale zu Ihrer Identifikation, Angaben \u00fcber Beginn und Ende sowie \u00fcber den Umfang der jeweiligen Nutzung und Angaben \u00fcber die von Ihnen in Anspruch genommenen Teledienste. Nutzungsdaten f\u00fcr Zwecke der Abrechnung (sog. Abrechnungsdaten) d\u00fcrfen wir an andere Anbieter oder Dritte \u00fcbermitteln, soweit dies f\u00fcr Zwecke der Abrechnung mit dem Nutzer erforderlich ist. Nach der vollst\u00e4ndigen Begleichung unserer Entgeltforderung werden diese Nutzungs- und Abrechnungsdaten gel\u00f6scht. An die Stelle der L\u00f6schung tritt eine Sperrung, soweit einer L\u00f6schung gesetzliche, satzungsm\u00e4\u00dfige oder vertragliche Aufbewahrungsfristen entgegenstehen.<br>(2) Solche Nutzungsdaten werden wir dar\u00fcber hinaus zum Zwecke der Werbung, der Marktforschung oder zur bedarfsgerechten Gestaltung unserer Angebote zur Erstellung von Nutzungsprofilen bei Verwendung von Pseudonymen verwenden. Sie sind berechtigt, dieser Art der Nutzung Ihrer Nutzungsdaten zu widersprechen. Diese Nutzungsprofile werden nicht mit Ihren personenbezogenen Daten zusammengef\u00fchrt.<br>(3) Auf Anordnung der zust\u00e4ndigen Stellen d\u00fcrfen wir im Einzelfall Auskunft \u00fcber Nutzungsdaten erteilen, soweit dies f\u00fcr Zwecke der Strafverfolgung, zur Gefahrenabwehr durch die Polizeibeh\u00f6rden der L\u00e4nder, zur Erf\u00fcllung der gesetzlichen Aufgaben der Verfassungsschutzbeh\u00f6rden des Bundes und der L\u00e4nder, des Bundesnachrichtendienstes oder des Milit\u00e4rischen Abschirmdienstes oder zur Durchsetzung der Rechte am geistigen Eigentum erforderlich ist.<br>\u00a7 5 Informationen \u00fcber Cookies<br>(1) Es werden sog. Cookies zum Wiedererkennen mehrfacher Nutzung eines Angebots durch denselben Nutzer eingesetzt. Cookies sind kleine Textdateien, die Ihr Internet-Browser auf Ihrem Rechner ablegt und speichert. Wenn Sie unsere Seite erneut aufrufen, geben diese Cookies Informationen ab, um Sie automatisch wiederzuerkennen. Diese Wiedererkennung erfolgt aufgrund Ihrer in den Cookies gespeicherten IP-Adresse. Die so erlangten Informationen dienen dazu, unsere Angebote zu optimieren und Ihnen einen leichteren Zugang auf unsere Seite zu erm\u00f6glichen.<br>(2) Das Speichern von Cookies auf Ihrer Festplatte k\u00f6nnen Sie verhindern, indem Sie in Ihren Browser-Einstellungen \u201ekeine Cookies akzeptieren\u201c w\u00e4hlen. Dies kann aber eine Funktionseinschr\u00e4nkung unserer Angebote zur Folge haben.<br>\u00a7 6 Auskunft Auf Verlangen wird Ihnen Auskunft \u00fcber die zu Ihrer Person oder zu Ihrem Pseudonym gespeicherten Daten erteilt. Die Auskunft kann Ihnen auf Wunsch auch elektronisch erteilt werden.<\/p>\n\n\n\n<p><span style=\"color: #d0f900;\">Bitte wenden Sie sich zur Auskunftserteilung an: Tel.: 0049 170 218 2727 eMail: <a href=\"mailto: info@voicemedia.tv\">info@voicemedia.tv<\/a>&nbsp;<\/span><\/p>\n","protected":false},"excerpt":{"rendered":"<p>IMPRINT T. International Inquiries +1 832 296 1022 T. Europe +49 170 218 2727 Booking: info@voicemedia.tv \u00a0 Konzeption &amp; Gestaltungwww.lichtung.com Technische Umsetzungwww.salevent.de HaftungshinweisTrotz sorgf\u00e4ltiger inhaltlicher Kontrolle \u00fcbernehmen wir keine Haftung f\u00fcr die Inhalte externer Links. F\u00fcr den Inhalt der verlinkten Seiten sind ausschliesslich deren Betreiber verantwortlich. Copyright Alle Texte, Bilder, Grafiken, Ton-, Video- und Animationsdateien [&hellip;]<\/p>\n","protected":false},"author":3,"featured_media":0,"parent":0,"menu_order":0,"comment_status":"closed","ping_status":"closed","template":"","meta":[],"_links":{"self":[{"href":"https:\/\/voicemedia.tv\/en\/wp-json\/wp\/v2\/pages\/184"}],"collection":[{"href":"https:\/\/voicemedia.tv\/en\/wp-json\/wp\/v2\/pages"}],"about":[{"href":"https:\/\/voicemedia.tv\/en\/wp-json\/wp\/v2\/types\/page"}],"author":[{"embeddable":true,"href":"https:\/\/voicemedia.tv\/en\/wp-json\/wp\/v2\/users\/3"}],"replies":[{"embeddable":true,"href":"https:\/\/voicemedia.tv\/en\/wp-json\/wp\/v2\/comments?post=184"}],"version-history":[{"count":31,"href":"https:\/\/voicemedia.tv\/en\/wp-json\/wp\/v2\/pages\/184\/revisions"}],"predecessor-version":[{"id":954,"href":"https:\/\/voicemedia.tv\/en\/wp-json\/wp\/v2\/pages\/184\/revisions\/954"}],"wp:attachment":[{"href":"https:\/\/voicemedia.tv\/en\/wp-json\/wp\/v2\/media?parent=184"}],"curies":[{"name":"wp","href":"https:\/\/api.w.org\/{rel}","templated":true}]}}